{"id":359,"date":"2025-12-05T16:03:31","date_gmt":"2025-12-05T16:03:31","guid":{"rendered":"https:\/\/www.mein-oberwallis.ch\/mentions-legales\/"},"modified":"2025-12-05T16:04:33","modified_gmt":"2025-12-05T16:04:33","slug":"mentions-legales","status":"publish","type":"page","link":"https:\/\/www.mein-oberwallis.ch\/fr\/mentions-legales\/","title":{"rendered":"Mentions l\u00e9gales"},"content":{"rendered":"\n<p><strong>Instance responsable :<\/strong><br\/>augensaft com GmbH<br\/>B\u00e4rgjistrasse 73<br\/>3925 Gr\u00e4chen<br\/>Suisse<br\/><strong>E-mail<\/strong> : <a href=\"javascript:;\">info@augensaft.com<\/a><\/p>\n\n<p><strong>Personnes autoris\u00e9es \u00e0 repr\u00e9senter<\/strong><br\/>Alexander Reinhard Walter<\/p>\n\n<p><strong>Nom de l&rsquo;entreprise<\/strong> : augensaft com GmbH<br\/><strong>Num\u00e9ro d&rsquo;enregistrement<\/strong> : CHE-115.077.578<br\/><strong>Num\u00e9ro de TVA<\/strong> : CHE-115.077.578 MWST<\/p>\n\n<p><strong>Exclusion de responsabilit\u00e9<\/strong><br\/>L&rsquo;auteur ne donne aucune garantie quant \u00e0 l&rsquo;exactitude, la pr\u00e9cision, l&rsquo;actualit\u00e9, la fiabilit\u00e9 et l&rsquo;exhaustivit\u00e9 des informations.<br\/>Toute pr\u00e9tention en responsabilit\u00e9 \u00e0 l&rsquo;encontre de l&rsquo;auteur pour des dommages mat\u00e9riels ou immat\u00e9riels r\u00e9sultant de l&rsquo;acc\u00e8s, de l&rsquo;utilisation ou de la non-utilisation des informations publi\u00e9es, d&rsquo;une utilisation abusive de la connexion ou de d\u00e9fauts techniques est exclue.<\/p>\n\n<p>Toutes les offres sont sans engagement. L&rsquo;auteur se r\u00e9serve express\u00e9ment le droit de modifier, de compl\u00e9ter, de supprimer ou d&rsquo;interrompre temporairement ou d\u00e9finitivement la publication de parties des pages ou de l&rsquo;ensemble de l&rsquo;offre, sans pr\u00e9avis.<\/p>\n\n<p><strong>Exclusion de responsabilit\u00e9 pour les contenus et les liens<\/strong><br\/>Les r\u00e9f\u00e9rences et les liens vers des sites web de tiers ne rel\u00e8vent pas de notre responsabilit\u00e9. Toute responsabilit\u00e9 pour de tels sites web est rejet\u00e9e. L&rsquo;acc\u00e8s \u00e0 ces sites web et leur utilisation se font aux risques et p\u00e9rils de l&rsquo;utilisateur concern\u00e9.<\/p>\n\n<p><strong>D\u00e9claration de droits d&rsquo;auteur<\/strong><br\/>Les droits d&rsquo;auteur et tous les autres droits relatifs aux contenus, images, photos ou autres fichiers pr\u00e9sents sur ce site web appartiennent exclusivement \u00e0 augensaft com GmbH ou aux d\u00e9tenteurs de droits sp\u00e9cialement nomm\u00e9s. L&rsquo;accord \u00e9crit du d\u00e9tenteur des droits d&rsquo;auteur doit \u00eatre obtenu au pr\u00e9alable pour la reproduction de tout \u00e9l\u00e9ment.<\/p>\n","protected":false},"excerpt":{"rendered":"<p>Instance responsable :augensaft com GmbHB\u00e4rgjistrasse 733925 Gr\u00e4chenSuisseE-mail : info@augensaft.com Personnes autoris\u00e9es \u00e0 repr\u00e9senterAlexander Reinhard Walter Nom de l&rsquo;entreprise : augensaft [&hellip;]<\/p>\n","protected":false},"author":1,"featured_media":0,"parent":0,"menu_order":0,"comment_status":"closed","ping_status":"closed","template":"","meta":{"_uag_custom_page_level_css":"","site-sidebar-layout":"default","site-content-layout":"","ast-site-content-layout":"default","site-content-style":"default","site-sidebar-style":"default","ast-global-header-display":"","ast-banner-title-visibility":"","ast-main-header-display":"","ast-hfb-above-header-display":"","ast-hfb-below-header-display":"","ast-hfb-mobile-header-display":"","site-post-title":"","ast-breadcrumbs-content":"","ast-featured-img":"","footer-sml-layout":"","ast-disable-related-posts":"","theme-transparent-header-meta":"","adv-header-id-meta":"","stick-header-meta":"","header-above-stick-meta":"","header-main-stick-meta":"","header-below-stick-meta":"","astra-migrate-meta-layouts":"default","ast-page-background-enabled":"default","ast-page-background-meta":{"desktop":{"background-color":"var(--ast-global-color-5)","background-image":"","background-repeat":"repeat","background-position":"center center","background-size":"auto","background-attachment":"scroll","background-type":"","background-media":"","overlay-type":"","overlay-color":"","overlay-opacity":"","overlay-gradient":""},"tablet":{"background-color":"","background-image":"","background-repeat":"repeat","background-position":"center center","background-size":"auto","background-attachment":"scroll","background-type":"","background-media":"","overlay-type":"","overlay-color":"","overlay-opacity":"","overlay-gradient":""},"mobile":{"background-color":"","background-image":"","background-repeat":"repeat","background-position":"center center","background-size":"auto","background-attachment":"scroll","background-type":"","background-media":"","overlay-type":"","overlay-color":"","overlay-opacity":"","overlay-gradient":""}},"ast-content-background-meta":{"desktop":{"background-color":"var(--ast-global-color-4)","background-image":"","background-repeat":"repeat","background-position":"center center","background-size":"auto","background-attachment":"scroll","background-type":"","background-media":"","overlay-type":"","overlay-color":"","overlay-opacity":"","overlay-gradient":""},"tablet":{"background-color":"var(--ast-global-color-4)","background-image":"","background-repeat":"repeat","background-position":"center center","background-size":"auto","background-attachment":"scroll","background-type":"","background-media":"","overlay-type":"","overlay-color":"","overlay-opacity":"","overlay-gradient":""},"mobile":{"background-color":"var(--ast-global-color-4)","background-image":"","background-repeat":"repeat","background-position":"center center","background-size":"auto","background-attachment":"scroll","background-type":"","background-media":"","overlay-type":"","overlay-color":"","overlay-opacity":"","overlay-gradient":""}},"slim_seo":{"title":"Mentions l\u00e9gales - Branchen Oberwallis","description":"Instance responsable : augensaft com GmbH B\u00e4rgjistrasse 73 3925 Gr\u00e4chen Suisse E-mail : info@augensaft.com Personnes autoris\u00e9es \u00e0 repr\u00e9senter Alexander Reinhard"},"footnotes":""},"class_list":["post-359","page","type-page","status-publish","hentry"],"uagb_featured_image_src":{"full":false,"thumbnail":false,"medium":false,"medium_large":false,"large":false,"1536x1536":false,"2048x2048":false},"uagb_author_info":{"display_name":"admin","author_link":"https:\/\/www.mein-oberwallis.ch\/fr\/profil\/info_9jro7sb7\/"},"uagb_comment_info":0,"uagb_excerpt":"Instance responsable :augensaft com GmbHB\u00e4rgjistrasse 733925 Gr\u00e4chenSuisseE-mail : info@augensaft.com Personnes autoris\u00e9es \u00e0 repr\u00e9senterAlexander Reinhard Walter Nom de l&rsquo;entreprise : augensaft [&hellip;]","_links":{"self":[{"href":"https:\/\/www.mein-oberwallis.ch\/fr\/wp-json\/wp\/v2\/pages\/359","targetHints":{"allow":["GET"]}}],"collection":[{"href":"https:\/\/www.mein-oberwallis.ch\/fr\/wp-json\/wp\/v2\/pages"}],"about":[{"href":"https:\/\/www.mein-oberwallis.ch\/fr\/wp-json\/wp\/v2\/types\/page"}],"author":[{"embeddable":true,"href":"https:\/\/www.mein-oberwallis.ch\/fr\/wp-json\/wp\/v2\/users\/1"}],"replies":[{"embeddable":true,"href":"https:\/\/www.mein-oberwallis.ch\/fr\/wp-json\/wp\/v2\/comments?post=359"}],"version-history":[{"count":0,"href":"https:\/\/www.mein-oberwallis.ch\/fr\/wp-json\/wp\/v2\/pages\/359\/revisions"}],"wp:attachment":[{"href":"https:\/\/www.mein-oberwallis.ch\/fr\/wp-json\/wp\/v2\/media?parent=359"}],"curies":[{"name":"wp","href":"https:\/\/api.w.org\/{rel}","templated":true}]}}